{"id":2,"date":"2010-06-28T09:37:25","date_gmt":"2010-06-28T07:37:25","guid":{"rendered":"https:\/\/bastubroderna.se\/wordpress\/?page_id=2"},"modified":"2020-09-25T10:07:22","modified_gmt":"2020-09-25T09:07:22","slug":"about","status":"publish","type":"page","link":"https:\/\/bastubroderna.se\/","title":{"rendered":"V\u00e4lkommen till Bastubr\u00f6derna"},"content":{"rendered":"<figure id=\"attachment_3414\" aria-describedby=\"caption-attachment-3414\" style=\"width: 644px\" class=\"wp-caption alignnone\"><img loading=\"lazy\" decoding=\"async\" class=\"wp-image-3414 \" src=\"https:\/\/bastubroderna.se\/wordpress\/wp-content\/uploads\/2019\/10\/Bastun-okt-19-300x146.jpg\" alt=\"\" width=\"644\" height=\"313\" srcset=\"https:\/\/bastubroderna.se\/wordpress\/wp-content\/uploads\/2019\/10\/Bastun-okt-19-300x146.jpg 300w, https:\/\/bastubroderna.se\/wordpress\/wp-content\/uploads\/2019\/10\/Bastun-okt-19-768x373.jpg 768w, https:\/\/bastubroderna.se\/wordpress\/wp-content\/uploads\/2019\/10\/Bastun-okt-19-1024x498.jpg 1024w, https:\/\/bastubroderna.se\/wordpress\/wp-content\/uploads\/2019\/10\/Bastun-okt-19-1200x583.jpg 1200w\" sizes=\"(max-width: 644px) 85vw, 644px\" \/><figcaption id=\"caption-attachment-3414\" class=\"wp-caption-text\">H\u00f6st vid bastun, oktober 2019<\/figcaption><\/figure>\n<figure id=\"attachment_3421\" aria-describedby=\"caption-attachment-3421\" style=\"width: 662px\" class=\"wp-caption alignnone\"><img loading=\"lazy\" decoding=\"async\" class=\"wp-image-3421 \" src=\"https:\/\/bastubroderna.se\/wordpress\/wp-content\/uploads\/2019\/10\/2019-10-08-14.33.00-300x146.jpg\" alt=\"\" width=\"662\" height=\"322\" srcset=\"https:\/\/bastubroderna.se\/wordpress\/wp-content\/uploads\/2019\/10\/2019-10-08-14.33.00-300x146.jpg 300w, https:\/\/bastubroderna.se\/wordpress\/wp-content\/uploads\/2019\/10\/2019-10-08-14.33.00-768x373.jpg 768w, https:\/\/bastubroderna.se\/wordpress\/wp-content\/uploads\/2019\/10\/2019-10-08-14.33.00-1024x498.jpg 1024w, https:\/\/bastubroderna.se\/wordpress\/wp-content\/uploads\/2019\/10\/2019-10-08-14.33.00-1200x583.jpg 1200w\" sizes=\"(max-width: 662px) 85vw, 662px\" \/><figcaption id=\"caption-attachment-3421\" class=\"wp-caption-text\">Dr\u00e4ngsj\u00f6n oktober 2019<\/figcaption><\/figure>\n<h2 style=\"text-align: left;\">\u2013\u2013\u2013<\/h2>\n<h2 style=\"text-align: left;\"><strong>1991\u20132016 \u2013 25 \u00e5r<\/strong><\/h2>\n<p style=\"text-align: left;\">Den 11 oktober 2016 firar klubben 25-\u00e5rs jubileum. I 25 \u00e5r har Br\u00f6derna verkat f\u00f6r en\u00a0god och varaktig bastukultur till gagn f\u00f6r alla och envar.<\/p>\n<figure id=\"attachment_776\" aria-describedby=\"caption-attachment-776\" style=\"width: 840px\" class=\"wp-caption alignnone\"><a href=\"https:\/\/bastubroderna.se\/wordpress\/wp-content\/uploads\/2014\/01\/Bastu_1993-09-11_Bild_106.jpg\" rel=\"attachment wp-att-776\"><img loading=\"lazy\" decoding=\"async\" class=\"size-large wp-image-776\" src=\"https:\/\/bastubroderna.se\/wordpress\/wp-content\/uploads\/2014\/01\/Bastu_1993-09-11_Bild_106-1024x736.jpg\" alt=\"1993-09-11. Invigningen av den nya bastun. Roslagsb\u00e4lgarna med Broder 10, andra fr\u00e5n h\u00f6ger.\" width=\"840\" height=\"604\" srcset=\"https:\/\/bastubroderna.se\/wordpress\/wp-content\/uploads\/2014\/01\/Bastu_1993-09-11_Bild_106-1024x736.jpg 1024w, https:\/\/bastubroderna.se\/wordpress\/wp-content\/uploads\/2014\/01\/Bastu_1993-09-11_Bild_106-300x215.jpg 300w\" sizes=\"(max-width: 709px) 85vw, (max-width: 909px) 67vw, (max-width: 1362px) 62vw, 840px\" \/><\/a><figcaption id=\"caption-attachment-776\" class=\"wp-caption-text\">1993-09-11. Invigningen av den nya bastun. Roslagsb\u00e4lgarna med Broder 10, andra fr\u00e5n h\u00f6ger.<\/figcaption><\/figure>\n<p style=\"text-align: left;\"><strong>De 24 \u00e4ldstes klubb vid Domaruddens bastu<\/strong>\u00a0\u00e4r en ideell support- och kamratf\u00f6rening och best\u00e5r av bastuentusiaster som \u00e4lskar att bada bastu i goda v\u00e4nners lag.<\/p>\n<p style=\"text-align: left;\">Mer information om klubbens verksamhet finns bland annat under fliken <a title=\"\u00c4ndam\u00e5l\" href=\"https:\/\/bastubroderna.se\/?page_id=12\">\u00c4ndam\u00e5l<\/a> och p\u00e5 andra platser h\u00e4r p\u00e5 hemsidan.<\/p>\n<figure id=\"attachment_1036\" aria-describedby=\"caption-attachment-1036\" style=\"width: 300px\" class=\"wp-caption alignleft\"><a href=\"https:\/\/bastubroderna.se\/wordpress\/wp-content\/uploads\/2014\/02\/DSC_3235.jpg\"><img loading=\"lazy\" decoding=\"async\" class=\"wp-image-1036 size-medium\" src=\"https:\/\/bastubroderna.se\/wordpress\/wp-content\/uploads\/2014\/02\/DSC_3235-300x198.jpg\" alt=\"Domaruddens sj\u00f6bastu 2014-02-26\" width=\"300\" height=\"198\" srcset=\"https:\/\/bastubroderna.se\/wordpress\/wp-content\/uploads\/2014\/02\/DSC_3235-300x198.jpg 300w, https:\/\/bastubroderna.se\/wordpress\/wp-content\/uploads\/2014\/02\/DSC_3235-1024x678.jpg 1024w\" sizes=\"(max-width: 300px) 85vw, 300px\" \/><\/a><figcaption id=\"caption-attachment-1036\" class=\"wp-caption-text\">Domaruddens sj\u00f6bastu 2014-02-26<\/figcaption><\/figure>\n<figure id=\"attachment_1034\" aria-describedby=\"caption-attachment-1034\" style=\"width: 300px\" class=\"wp-caption alignright\"><a href=\"https:\/\/bastubroderna.se\/wordpress\/wp-content\/uploads\/2014\/02\/DSC_3230.jpg\"><img loading=\"lazy\" decoding=\"async\" class=\"wp-image-1034 size-medium\" src=\"https:\/\/bastubroderna.se\/wordpress\/wp-content\/uploads\/2014\/02\/DSC_3230-300x198.jpg\" alt=\"Domaruddens sj\u00f6bastu 2014-02-26\" width=\"300\" height=\"198\" srcset=\"https:\/\/bastubroderna.se\/wordpress\/wp-content\/uploads\/2014\/02\/DSC_3230-300x198.jpg 300w, https:\/\/bastubroderna.se\/wordpress\/wp-content\/uploads\/2014\/02\/DSC_3230-1024x678.jpg 1024w\" sizes=\"(max-width: 300px) 85vw, 300px\" \/><\/a><figcaption id=\"caption-attachment-1034\" class=\"wp-caption-text\">Domaruddens sj\u00f6bastu 2014-02-26<\/figcaption><\/figure>\n<figure id=\"attachment_2174\" aria-describedby=\"caption-attachment-2174\" style=\"width: 840px\" class=\"wp-caption alignnone\"><a href=\"https:\/\/bastubroderna.se\/wordpress\/wp-content\/uploads\/2015\/07\/DSC_4494.jpg\"><img loading=\"lazy\" decoding=\"async\" class=\"size-large wp-image-2174\" src=\"https:\/\/bastubroderna.se\/wordpress\/wp-content\/uploads\/2015\/07\/DSC_4494-1024x678.jpg\" alt=\"Domaruddens sj\u00f6bastu 7 juni 2015\" width=\"840\" height=\"556\" srcset=\"https:\/\/bastubroderna.se\/wordpress\/wp-content\/uploads\/2015\/07\/DSC_4494-1024x678.jpg 1024w, https:\/\/bastubroderna.se\/wordpress\/wp-content\/uploads\/2015\/07\/DSC_4494-300x199.jpg 300w\" sizes=\"(max-width: 709px) 85vw, (max-width: 909px) 67vw, (max-width: 1362px) 62vw, 840px\" \/><\/a><figcaption id=\"caption-attachment-2174\" class=\"wp-caption-text\">Domaruddens sj\u00f6bastu 7 juni 2015<\/figcaption><\/figure>\n<p>\u2013\u2013\u2013<\/p>\n<p>Vi finns ocks\u00e5 p\u00e5 Facebook,\u00a0<a title=\"Bastubr\u00f6derna p\u00e5 Facebook\" href=\"https:\/\/www.facebook.com\/groups\/315624803983\/\">Bastubr\u00f6derna de 24 \u00c4ldste,<\/a>\u00a0d\u00e4r n\u00e5gra medlemmar \u00e4r aktiva och lagt upp trevliga kort.<\/p>\n<p>\u2013\u2013\u2013<\/p>\n<p>De 24 \u00e4ldstes klubb finansieras via medlemsavgifter som klubbens medlemmar och st\u00f6dmedlemmar betalar. Vedhantering, service och underhall av v\u00e5ra maskiner kostar dock mycket pengar och donationer fr\u00e5n v\u00e5ra <a title=\"V\u00e5ra sponsorer\" href=\"https:\/\/bastubroderna.se\/?page_id=743\">sponsorer<\/a> \u00e4r ett v\u00e4lkommet och n\u00f6dv\u00e4ndigt tillskott f\u00f6r att kunna uppr\u00e4tth\u00e5lla driften av f\u00f6reningen.<\/p>\n","protected":false},"excerpt":{"rendered":"<p>\u2013\u2013\u2013 1991\u20132016 \u2013 25 \u00e5r Den 11 oktober 2016 firar klubben 25-\u00e5rs jubileum. I 25 \u00e5r har Br\u00f6derna verkat f\u00f6r en\u00a0god och varaktig bastukultur till gagn f\u00f6r alla och envar. De 24 \u00e4ldstes klubb vid Domaruddens bastu\u00a0\u00e4r en ideell support- och kamratf\u00f6rening och best\u00e5r av bastuentusiaster som \u00e4lskar att bada bastu i goda v\u00e4nners lag. &hellip; <a href=\"https:\/\/bastubroderna.se\/\" class=\"more-link\">Forts\u00e4tt l\u00e4sa<span class=\"screen-reader-text\"> \u201dV\u00e4lkommen till Bastubr\u00f6derna\u201d<\/span><\/a><\/p>\n","protected":false},"author":2,"featured_media":0,"parent":0,"menu_order":1,"comment_status":"closed","ping_status":"closed","template":"","meta":{"footnotes":"","_mc_calendar":[]},"_links":{"self":[{"href":"https:\/\/bastubroderna.se\/index.php?rest_route=\/wp\/v2\/pages\/2"}],"collection":[{"href":"https:\/\/bastubroderna.se\/index.php?rest_route=\/wp\/v2\/pages"}],"about":[{"href":"https:\/\/bastubroderna.se\/index.php?rest_route=\/wp\/v2\/types\/page"}],"author":[{"embeddable":true,"href":"https:\/\/bastubroderna.se\/index.php?rest_route=\/wp\/v2\/users\/2"}],"replies":[{"embeddable":true,"href":"https:\/\/bastubroderna.se\/index.php?rest_route=%2Fwp%2Fv2%2Fcomments&post=2"}],"version-history":[{"count":110,"href":"https:\/\/bastubroderna.se\/index.php?rest_route=\/wp\/v2\/pages\/2\/revisions"}],"predecessor-version":[{"id":3497,"href":"https:\/\/bastubroderna.se\/index.php?rest_route=\/wp\/v2\/pages\/2\/revisions\/3497"}],"wp:attachment":[{"href":"https:\/\/bastubroderna.se\/index.php?rest_route=%2Fwp%2Fv2%2Fmedia&parent=2"}],"curies":[{"name":"wp","href":"https:\/\/api.w.org\/{rel}","templated":true}]}}